{"id":8879,"date":"2023-07-08T15:18:54","date_gmt":"2023-07-08T15:18:54","guid":{"rendered":"https:\/\/moda-meubles.be\/promotion\/niet-gecategoriseerd\/stoelen-isodo\/"},"modified":"2023-07-08T15:18:54","modified_gmt":"2023-07-08T15:18:54","slug":"stoelen-isodo","status":"publish","type":"product","link":"https:\/\/moda-meubles.be\/nl\/promotion\/eetkamers\/stoelen\/stoelen-isodo\/","title":{"rendered":"Stoelen Isodo"},"content":{"rendered":"<h3><em><strong style=\"color: #063a7a;\">Stoelen Isodo \u2013 Elegantie en comfort voor uw eetkamer<\/strong><\/em><\/h3>\n<p>Transformeer uw eetkamer met de Isodo stoel. Hij combineert verfijnd design met optimaal comfort. Deze stoel is ontworpen om zowel stijl als functionaliteit te bieden en is perfect voor elke gelegenheid, of het nu gaat om een \u200b\u200betentje met familie of een diner met vrienden. Dankzij de ideale afmetingen garandeert de Isodo stoel u een aangenaam en elegant zitcomfort.  <\/p>\n<p>Het moderne design past perfect in verschillende interieurstijlen, zowel eigentijds als klassiek. De hoogwaardige stoffen bekleding voegt een vleugje elegantie toe en is bovendien eenvoudig te onderhouden. De robuuste structuur garandeert een uitzonderlijke stabiliteit, voor dagelijks gebruik zonder compromissen.  <\/p>\n<p><strong>Functionaliteit :<\/strong> La chaise Isodo est con\u00e7ue pour offrir un confort optimal avec son assise rembourr\u00e9e et son dossier ergonomique. Son design pratique permet une int\u00e9gration harmonieuse dans tout type d\u2019espace, <strong>een vleugje verfijning aan uw eetkamer toevoegen.<\/strong> <\/p>\n<p><strong>Comfort: Dankzij de dikke vulling biedt de stoel perfecte ondersteuning en langdurig comfort. Het ergonomische ontwerp zorgt ervoor dat u urenlang comfortabel kunt zitten. <\/strong><\/p>\n<p><strong>Kenmerken :<\/strong><\/p>\n<p><strong>Afmetingen :<\/strong> Standaard passend voor alle tafels<br \/>\n<strong>Materialen :<\/strong> Metalen frame met duurzame stoffen bekleding<br \/>\n<strong>Ontwerp:<\/strong> Modern en elegant<br \/>\n<strong>Kleur :<\/strong> Verkrijgbaar in verschillende tinten die passen bij uw interieur<\/p>\n<p><em>Of het nu voor dagelijkse maaltijden of speciale gelegenheden is, de Isodo-stoel is de perfecte keuze om comfort en stijl te combineren in uw eetkamer.<\/em><\/p>\n","protected":false},"excerpt":{"rendered":"<p>Stoelen Isodo \u2013 Elegantie en comfort voor uw eetkamer Transformeer uw eetkamer met de Isodo stoel. Hij combineert verfijnd design met optimaal comfort. Deze stoel is ontworpen om zowel stijl als functionaliteit te bieden en is perfect voor elke gelegenheid, of het nu gaat om een \u200b\u200betentje met familie of een diner met vrienden. Dankzij [&hellip;]<\/p>\n","protected":false},"featured_media":5254,"comment_status":"open","ping_status":"closed","template":"","meta":{"content-type":""},"product_brand":[],"product_cat":[80],"product_tag":[],"class_list":{"0":"post-8879","1":"product","2":"type-product","3":"status-publish","4":"has-post-thumbnail","6":"product_cat-stoelen","8":"first","9":"instock","10":"sale","11":"shipping-taxable","12":"purchasable","13":"product-type-simple"},"yoast_head":"<!-- This site is optimized with the Yoast SEO plugin v27.5 - https:\/\/yoast.com\/product\/yoast-seo-wordpress\/ -->\n<title>\u2705 [PROMOTIE] Stoelen Isodo TE KOOP bij Moda Meubles in Luik en omgeving<\/title>\n<meta name=\"description\" content=\"Ontdek onze andere Stoelen in PROMOTIE bij Moda Meubles in Luik en omstreken.\" \/>\n<meta name=\"robots\" content=\"index, follow, max-snippet:-1, max-image-preview:large, max-video-preview:-1\" \/>\n<link rel=\"canonical\" href=\"https:\/\/moda-meubles.be\/nl\/promotion\/eetkamers\/stoelen\/stoelen-isodo\/\" \/>\n<meta property=\"og:locale\" content=\"nl_NL\" \/>\n<meta property=\"og:type\" content=\"article\" \/>\n<meta property=\"og:title\" content=\"\u2705 [PROMOTIE] Stoelen Isodo TE KOOP bij Moda Meubles in Luik en omgeving\" \/>\n<meta property=\"og:description\" content=\"Ontdek onze andere Stoelen in PROMOTIE bij Moda Meubles in Luik en omstreken.\" \/>\n<meta property=\"og:url\" content=\"https:\/\/moda-meubles.be\/nl\/promotion\/eetkamers\/stoelen\/stoelen-isodo\/\" \/>\n<meta property=\"og:site_name\" content=\"Moda Meubles\" \/>\n<meta property=\"article:publisher\" content=\"https:\/\/www.facebook.com\/moda.meubles.liege\" \/>\n<meta property=\"og:image\" content=\"https:\/\/moda-meubles.be\/wp-content\/uploads\/2023\/07\/Chaise-isodo.png\" \/>\n\t<meta property=\"og:image:width\" content=\"600\" \/>\n\t<meta property=\"og:image:height\" content=\"600\" \/>\n\t<meta property=\"og:image:type\" content=\"image\/png\" \/>\n<meta name=\"twitter:card\" content=\"summary_large_image\" \/>\n<script type=\"application\/ld+json\" class=\"yoast-schema-graph\">{\"@context\":\"https:\\\/\\\/schema.org\",\"@graph\":[{\"@type\":\"WebPage\",\"@id\":\"https:\\\/\\\/moda-meubles.be\\\/nl\\\/promotion\\\/eetkamers\\\/stoelen\\\/stoelen-isodo\\\/\",\"url\":\"https:\\\/\\\/moda-meubles.be\\\/nl\\\/promotion\\\/eetkamers\\\/stoelen\\\/stoelen-isodo\\\/\",\"name\":\"\u2705 [PROMOTIE] Stoelen Isodo TE KOOP bij Moda Meubles in Luik en omgeving\",\"isPartOf\":{\"@id\":\"https:\\\/\\\/moda-meubles.be\\\/nl\\\/#website\"},\"primaryImageOfPage\":{\"@id\":\"https:\\\/\\\/moda-meubles.be\\\/nl\\\/promotion\\\/eetkamers\\\/stoelen\\\/stoelen-isodo\\\/#primaryimage\"},\"image\":{\"@id\":\"https:\\\/\\\/moda-meubles.be\\\/nl\\\/promotion\\\/eetkamers\\\/stoelen\\\/stoelen-isodo\\\/#primaryimage\"},\"thumbnailUrl\":\"https:\\\/\\\/moda-meubles.be\\\/wp-content\\\/uploads\\\/2023\\\/07\\\/Chaise-isodo.png\",\"datePublished\":\"2023-07-08T15:18:54+00:00\",\"description\":\"Ontdek onze andere Stoelen in PROMOTIE bij Moda Meubles in Luik en omstreken.\",\"breadcrumb\":{\"@id\":\"https:\\\/\\\/moda-meubles.be\\\/nl\\\/promotion\\\/eetkamers\\\/stoelen\\\/stoelen-isodo\\\/#breadcrumb\"},\"inLanguage\":\"nl-NL\",\"potentialAction\":[{\"@type\":\"ReadAction\",\"target\":[\"https:\\\/\\\/moda-meubles.be\\\/nl\\\/promotion\\\/eetkamers\\\/stoelen\\\/stoelen-isodo\\\/\"]}]},{\"@type\":\"ImageObject\",\"inLanguage\":\"nl-NL\",\"@id\":\"https:\\\/\\\/moda-meubles.be\\\/nl\\\/promotion\\\/eetkamers\\\/stoelen\\\/stoelen-isodo\\\/#primaryimage\",\"url\":\"https:\\\/\\\/moda-meubles.be\\\/wp-content\\\/uploads\\\/2023\\\/07\\\/Chaise-isodo.png\",\"contentUrl\":\"https:\\\/\\\/moda-meubles.be\\\/wp-content\\\/uploads\\\/2023\\\/07\\\/Chaise-isodo.png\",\"width\":600,\"height\":600,\"caption\":\"Chaise isodo\"},{\"@type\":\"BreadcrumbList\",\"@id\":\"https:\\\/\\\/moda-meubles.be\\\/nl\\\/promotion\\\/eetkamers\\\/stoelen\\\/stoelen-isodo\\\/#breadcrumb\",\"itemListElement\":[{\"@type\":\"ListItem\",\"position\":1,\"name\":\"home\",\"item\":\"https:\\\/\\\/moda-meubles.be\\\/nl\\\/home\\\/\"},{\"@type\":\"ListItem\",\"position\":2,\"name\":\"Winkel\",\"item\":\"https:\\\/\\\/moda-meubles.be\\\/nl\\\/winkel\\\/\"},{\"@type\":\"ListItem\",\"position\":3,\"name\":\"Stoelen Isodo\"}]},{\"@type\":\"WebSite\",\"@id\":\"https:\\\/\\\/moda-meubles.be\\\/nl\\\/#website\",\"url\":\"https:\\\/\\\/moda-meubles.be\\\/nl\\\/\",\"name\":\"Moda Meubles\",\"description\":\"\",\"publisher\":{\"@id\":\"https:\\\/\\\/moda-meubles.be\\\/nl\\\/#organization\"},\"potentialAction\":[{\"@type\":\"SearchAction\",\"target\":{\"@type\":\"EntryPoint\",\"urlTemplate\":\"https:\\\/\\\/moda-meubles.be\\\/nl\\\/?s={search_term_string}\"},\"query-input\":{\"@type\":\"PropertyValueSpecification\",\"valueRequired\":true,\"valueName\":\"search_term_string\"}}],\"inLanguage\":\"nl-NL\"},{\"@type\":\"Organization\",\"@id\":\"https:\\\/\\\/moda-meubles.be\\\/nl\\\/#organization\",\"name\":\"Moda Meubles\",\"url\":\"https:\\\/\\\/moda-meubles.be\\\/nl\\\/\",\"logo\":{\"@type\":\"ImageObject\",\"inLanguage\":\"nl-NL\",\"@id\":\"https:\\\/\\\/moda-meubles.be\\\/nl\\\/#\\\/schema\\\/logo\\\/image\\\/\",\"url\":\"https:\\\/\\\/moda-meubles.be\\\/wp-content\\\/uploads\\\/2023\\\/07\\\/Design-sans-titre-42.png\",\"contentUrl\":\"https:\\\/\\\/moda-meubles.be\\\/wp-content\\\/uploads\\\/2023\\\/07\\\/Design-sans-titre-42.png\",\"width\":300,\"height\":150,\"caption\":\"Moda Meubles\"},\"image\":{\"@id\":\"https:\\\/\\\/moda-meubles.be\\\/nl\\\/#\\\/schema\\\/logo\\\/image\\\/\"},\"sameAs\":[\"https:\\\/\\\/www.facebook.com\\\/moda.meubles.liege\"]}]}<\/script>\n<!-- \/ Yoast SEO plugin. -->","yoast_head_json":{"title":"\u2705 [PROMOTIE] Stoelen Isodo TE KOOP bij Moda Meubles in Luik en omgeving","description":"Ontdek onze andere Stoelen in PROMOTIE bij Moda Meubles in Luik en omstreken.","robots":{"index":"index","follow":"follow","max-snippet":"max-snippet:-1","max-image-preview":"max-image-preview:large","max-video-preview":"max-video-preview:-1"},"canonical":"https:\/\/moda-meubles.be\/nl\/promotion\/eetkamers\/stoelen\/stoelen-isodo\/","og_locale":"nl_NL","og_type":"article","og_title":"\u2705 [PROMOTIE] Stoelen Isodo TE KOOP bij Moda Meubles in Luik en omgeving","og_description":"Ontdek onze andere Stoelen in PROMOTIE bij Moda Meubles in Luik en omstreken.","og_url":"https:\/\/moda-meubles.be\/nl\/promotion\/eetkamers\/stoelen\/stoelen-isodo\/","og_site_name":"Moda Meubles","article_publisher":"https:\/\/www.facebook.com\/moda.meubles.liege","og_image":[{"width":600,"height":600,"url":"https:\/\/moda-meubles.be\/wp-content\/uploads\/2023\/07\/Chaise-isodo.png","type":"image\/png"}],"twitter_card":"summary_large_image","schema":{"@context":"https:\/\/schema.org","@graph":[{"@type":"WebPage","@id":"https:\/\/moda-meubles.be\/nl\/promotion\/eetkamers\/stoelen\/stoelen-isodo\/","url":"https:\/\/moda-meubles.be\/nl\/promotion\/eetkamers\/stoelen\/stoelen-isodo\/","name":"\u2705 [PROMOTIE] Stoelen Isodo TE KOOP bij Moda Meubles in Luik en omgeving","isPartOf":{"@id":"https:\/\/moda-meubles.be\/nl\/#website"},"primaryImageOfPage":{"@id":"https:\/\/moda-meubles.be\/nl\/promotion\/eetkamers\/stoelen\/stoelen-isodo\/#primaryimage"},"image":{"@id":"https:\/\/moda-meubles.be\/nl\/promotion\/eetkamers\/stoelen\/stoelen-isodo\/#primaryimage"},"thumbnailUrl":"https:\/\/moda-meubles.be\/wp-content\/uploads\/2023\/07\/Chaise-isodo.png","datePublished":"2023-07-08T15:18:54+00:00","description":"Ontdek onze andere Stoelen in PROMOTIE bij Moda Meubles in Luik en omstreken.","breadcrumb":{"@id":"https:\/\/moda-meubles.be\/nl\/promotion\/eetkamers\/stoelen\/stoelen-isodo\/#breadcrumb"},"inLanguage":"nl-NL","potentialAction":[{"@type":"ReadAction","target":["https:\/\/moda-meubles.be\/nl\/promotion\/eetkamers\/stoelen\/stoelen-isodo\/"]}]},{"@type":"ImageObject","inLanguage":"nl-NL","@id":"https:\/\/moda-meubles.be\/nl\/promotion\/eetkamers\/stoelen\/stoelen-isodo\/#primaryimage","url":"https:\/\/moda-meubles.be\/wp-content\/uploads\/2023\/07\/Chaise-isodo.png","contentUrl":"https:\/\/moda-meubles.be\/wp-content\/uploads\/2023\/07\/Chaise-isodo.png","width":600,"height":600,"caption":"Chaise isodo"},{"@type":"BreadcrumbList","@id":"https:\/\/moda-meubles.be\/nl\/promotion\/eetkamers\/stoelen\/stoelen-isodo\/#breadcrumb","itemListElement":[{"@type":"ListItem","position":1,"name":"home","item":"https:\/\/moda-meubles.be\/nl\/home\/"},{"@type":"ListItem","position":2,"name":"Winkel","item":"https:\/\/moda-meubles.be\/nl\/winkel\/"},{"@type":"ListItem","position":3,"name":"Stoelen Isodo"}]},{"@type":"WebSite","@id":"https:\/\/moda-meubles.be\/nl\/#website","url":"https:\/\/moda-meubles.be\/nl\/","name":"Moda Meubles","description":"","publisher":{"@id":"https:\/\/moda-meubles.be\/nl\/#organization"},"potentialAction":[{"@type":"SearchAction","target":{"@type":"EntryPoint","urlTemplate":"https:\/\/moda-meubles.be\/nl\/?s={search_term_string}"},"query-input":{"@type":"PropertyValueSpecification","valueRequired":true,"valueName":"search_term_string"}}],"inLanguage":"nl-NL"},{"@type":"Organization","@id":"https:\/\/moda-meubles.be\/nl\/#organization","name":"Moda Meubles","url":"https:\/\/moda-meubles.be\/nl\/","logo":{"@type":"ImageObject","inLanguage":"nl-NL","@id":"https:\/\/moda-meubles.be\/nl\/#\/schema\/logo\/image\/","url":"https:\/\/moda-meubles.be\/wp-content\/uploads\/2023\/07\/Design-sans-titre-42.png","contentUrl":"https:\/\/moda-meubles.be\/wp-content\/uploads\/2023\/07\/Design-sans-titre-42.png","width":300,"height":150,"caption":"Moda Meubles"},"image":{"@id":"https:\/\/moda-meubles.be\/nl\/#\/schema\/logo\/image\/"},"sameAs":["https:\/\/www.facebook.com\/moda.meubles.liege"]}]}},"_links":{"self":[{"href":"https:\/\/moda-meubles.be\/nl\/wp-json\/wp\/v2\/product\/8879","targetHints":{"allow":["GET"]}}],"collection":[{"href":"https:\/\/moda-meubles.be\/nl\/wp-json\/wp\/v2\/product"}],"about":[{"href":"https:\/\/moda-meubles.be\/nl\/wp-json\/wp\/v2\/types\/product"}],"replies":[{"embeddable":true,"href":"https:\/\/moda-meubles.be\/nl\/wp-json\/wp\/v2\/comments?post=8879"}],"wp:featuredmedia":[{"embeddable":true,"href":"https:\/\/moda-meubles.be\/nl\/wp-json\/wp\/v2\/media\/5254"}],"wp:attachment":[{"href":"https:\/\/moda-meubles.be\/nl\/wp-json\/wp\/v2\/media?parent=8879"}],"wp:term":[{"taxonomy":"product_brand","embeddable":true,"href":"https:\/\/moda-meubles.be\/nl\/wp-json\/wp\/v2\/product_brand?post=8879"},{"taxonomy":"product_cat","embeddable":true,"href":"https:\/\/moda-meubles.be\/nl\/wp-json\/wp\/v2\/product_cat?post=8879"},{"taxonomy":"product_tag","embeddable":true,"href":"https:\/\/moda-meubles.be\/nl\/wp-json\/wp\/v2\/product_tag?post=8879"}],"curies":[{"name":"wp","href":"https:\/\/api.w.org\/{rel}","templated":true}]}}