{"id":8756,"date":"2023-07-08T15:21:31","date_gmt":"2023-07-08T15:21:31","guid":{"rendered":"https:\/\/moda-meubles.be\/promotion\/niet-gecategoriseerd\/matrassen-celia-160x200cm-medium\/"},"modified":"2023-07-08T15:21:31","modified_gmt":"2023-07-08T15:21:31","slug":"matrassen-celia-160x200cm-medium","status":"publish","type":"product","link":"https:\/\/moda-meubles.be\/nl\/promotion\/slaapkamers\/bedden\/matrassen-celia-160x200cm-medium\/","title":{"rendered":"Matrassen Celia &#8211; 160x200cm &#8211; medium"},"content":{"rendered":"<h3><em><strong style=\"color: #063a7a;\">Matrassen CELIA 160&#215;200 cm Medium<\/strong><\/em><\/h3>\n<p>Ontdek de CELIA-matras, ontworpen voor optimaal slaapcomfort met superieure kwaliteitskenmerken. Deze matras van 160&#215;200 cm onderscheidt zich door zijn gemiddelde hardheid en de royale hoogte van 22 cm. Hij combineert de voordelen van pocketveren en hybride schuim voor een onge\u00ebvenaarde slaapervaring. <\/p>\n<ul>\n<li><strong>Samenstelling en comfort:<\/strong>\n<ul>\n<li><strong>Pocketveren kern :<\/strong> Elke veer is individueel verpakt voor persoonlijke ondersteuning. Dankzij dit systeem passen de veren zich onafhankelijk van elkaar aan de contouren van uw lichaam aan, zodat ze zich bij elke beweging perfect aanpassen. De matras is verdeeld in 7 comfortzones, waardoor de rugdruk wordt verminderd en alle lichaamsdelen evenwichtig en gericht worden ondersteund.  <\/li>\n<li><strong>Hybride schuim :<\/strong> La couche sup\u00e9rieure et inf\u00e9rieure en mousse hybride am\u00e9liore le confort en apportant une douceur ferme, tout en favorisant une ventilation optimale. Cette combinaison assure une r\u00e9gulation efficace de la temp\u00e9rature, vous permettant de dormir dans un environnement frais et agr\u00e9able. <\/li>\n<\/ul>\n<\/li>\n<li><strong>Dekking en eigenschappen:<\/strong>\n<ul>\n<li><strong>Natuurlijke bamboe hoes :<\/strong> De CELIA-matras is voorzien van een bamboehoes met 3D-rand, waardoor hij zacht aanvoelt en uitstekend ventileert. Bamboe is van nature hypoallergeen en antibacterieel en draagt \u200b\u200bzo bij aan een gezondere slaapomgeving. <\/li>\n<li><strong>Ventilatie en hygi\u00ebne :<\/strong> La conception du matelas favorise une bonne circulation de l&#8217;air, essentielle pour maintenir une hygi\u00e8ne parfaite et \u00e9viter l&#8217;accumulation d&#8217;humidit\u00e9, garantissant ainsi un sommeil frais et propre.<\/li>\n<\/ul>\n<\/li>\n<\/ul>\n<p><em>De CELIA-matras is ideaal voor wie op zoek is naar stevig maar toch aanpasbaar comfort, met hoogwaardige materialen voor onge\u00ebvenaarde duurzaamheid en welzijn.<\/em><\/p>\n","protected":false},"excerpt":{"rendered":"<p>Matrassen CELIA 160&#215;200 cm Medium Ontdek de CELIA-matras, ontworpen voor optimaal slaapcomfort met superieure kwaliteitskenmerken. Deze matras van 160&#215;200 cm onderscheidt zich door zijn gemiddelde hardheid en de royale hoogte van 22 cm. Hij combineert de voordelen van pocketveren en hybride schuim voor een onge\u00ebvenaarde slaapervaring. Samenstelling en comfort: Pocketveren kern : Elke veer is [&hellip;]<\/p>\n","protected":false},"featured_media":5514,"comment_status":"open","ping_status":"closed","template":"","meta":{"content-type":""},"product_brand":[],"product_cat":[70,67],"product_tag":[],"class_list":{"0":"post-8756","1":"product","2":"type-product","3":"status-publish","4":"has-post-thumbnail","6":"product_cat-bedden","7":"product_cat-slaapkamers","9":"first","10":"instock","11":"sale","12":"shipping-taxable","13":"purchasable","14":"product-type-simple"},"yoast_head":"<!-- This site is optimized with the Yoast SEO plugin v27.3 - https:\/\/yoast.com\/product\/yoast-seo-wordpress\/ -->\n<title>\u2705 [PROMOTIE] Matrassen Celia - 160x200cm - medium TE KOOP bij Moda Meubles in Luik en omgeving<\/title>\n<meta name=\"description\" content=\"Ontdek onze andere Bedden, Slaapkamers in PROMOTIE bij Moda Meubles in Luik en omstreken.\" \/>\n<meta name=\"robots\" content=\"index, follow, max-snippet:-1, max-image-preview:large, max-video-preview:-1\" \/>\n<link rel=\"canonical\" href=\"https:\/\/moda-meubles.be\/nl\/promotion\/slaapkamers\/bedden\/matrassen-celia-160x200cm-medium\/\" \/>\n<meta property=\"og:locale\" content=\"nl_NL\" \/>\n<meta property=\"og:type\" content=\"article\" \/>\n<meta property=\"og:title\" content=\"\u2705 [PROMOTIE] Matrassen Celia - 160x200cm - medium TE KOOP bij Moda Meubles in Luik en omgeving\" \/>\n<meta property=\"og:description\" content=\"Ontdek onze andere Bedden, Slaapkamers in PROMOTIE bij Moda Meubles in Luik en omstreken.\" \/>\n<meta property=\"og:url\" content=\"https:\/\/moda-meubles.be\/nl\/promotion\/slaapkamers\/bedden\/matrassen-celia-160x200cm-medium\/\" \/>\n<meta property=\"og:site_name\" content=\"Moda Meubles\" \/>\n<meta property=\"article:publisher\" content=\"https:\/\/www.facebook.com\/moda.meubles.liege\" \/>\n<meta property=\"og:image\" content=\"https:\/\/moda-meubles.be\/wp-content\/uploads\/2023\/07\/Matras-Celia-MA11-pocketverenhybride-schuim-score-Duvatex-FR.jpeg\" \/>\n\t<meta property=\"og:image:width\" content=\"1200\" \/>\n\t<meta property=\"og:image:height\" content=\"848\" \/>\n\t<meta property=\"og:image:type\" content=\"image\/jpeg\" \/>\n<meta name=\"twitter:card\" content=\"summary_large_image\" \/>\n<script type=\"application\/ld+json\" class=\"yoast-schema-graph\">{\"@context\":\"https:\\\/\\\/schema.org\",\"@graph\":[{\"@type\":\"WebPage\",\"@id\":\"https:\\\/\\\/moda-meubles.be\\\/nl\\\/promotion\\\/slaapkamers\\\/bedden\\\/matrassen-celia-160x200cm-medium\\\/\",\"url\":\"https:\\\/\\\/moda-meubles.be\\\/nl\\\/promotion\\\/slaapkamers\\\/bedden\\\/matrassen-celia-160x200cm-medium\\\/\",\"name\":\"\u2705 [PROMOTIE] Matrassen Celia - 160x200cm - medium TE KOOP bij Moda Meubles in Luik en omgeving\",\"isPartOf\":{\"@id\":\"https:\\\/\\\/moda-meubles.be\\\/nl\\\/#website\"},\"primaryImageOfPage\":{\"@id\":\"https:\\\/\\\/moda-meubles.be\\\/nl\\\/promotion\\\/slaapkamers\\\/bedden\\\/matrassen-celia-160x200cm-medium\\\/#primaryimage\"},\"image\":{\"@id\":\"https:\\\/\\\/moda-meubles.be\\\/nl\\\/promotion\\\/slaapkamers\\\/bedden\\\/matrassen-celia-160x200cm-medium\\\/#primaryimage\"},\"thumbnailUrl\":\"https:\\\/\\\/moda-meubles.be\\\/wp-content\\\/uploads\\\/2023\\\/07\\\/Matras-Celia-MA11-pocketverenhybride-schuim-score-Duvatex-FR.jpeg\",\"datePublished\":\"2023-07-08T15:21:31+00:00\",\"description\":\"Ontdek onze andere Bedden, Slaapkamers in PROMOTIE bij Moda Meubles in Luik en omstreken.\",\"breadcrumb\":{\"@id\":\"https:\\\/\\\/moda-meubles.be\\\/nl\\\/promotion\\\/slaapkamers\\\/bedden\\\/matrassen-celia-160x200cm-medium\\\/#breadcrumb\"},\"inLanguage\":\"nl-NL\",\"potentialAction\":[{\"@type\":\"ReadAction\",\"target\":[\"https:\\\/\\\/moda-meubles.be\\\/nl\\\/promotion\\\/slaapkamers\\\/bedden\\\/matrassen-celia-160x200cm-medium\\\/\"]}]},{\"@type\":\"ImageObject\",\"inLanguage\":\"nl-NL\",\"@id\":\"https:\\\/\\\/moda-meubles.be\\\/nl\\\/promotion\\\/slaapkamers\\\/bedden\\\/matrassen-celia-160x200cm-medium\\\/#primaryimage\",\"url\":\"https:\\\/\\\/moda-meubles.be\\\/wp-content\\\/uploads\\\/2023\\\/07\\\/Matras-Celia-MA11-pocketverenhybride-schuim-score-Duvatex-FR.jpeg\",\"contentUrl\":\"https:\\\/\\\/moda-meubles.be\\\/wp-content\\\/uploads\\\/2023\\\/07\\\/Matras-Celia-MA11-pocketverenhybride-schuim-score-Duvatex-FR.jpeg\",\"width\":1200,\"height\":848,\"caption\":\"Matras Celia MA11 pocketverenhybride schuim score Duvatex FR\"},{\"@type\":\"BreadcrumbList\",\"@id\":\"https:\\\/\\\/moda-meubles.be\\\/nl\\\/promotion\\\/slaapkamers\\\/bedden\\\/matrassen-celia-160x200cm-medium\\\/#breadcrumb\",\"itemListElement\":[{\"@type\":\"ListItem\",\"position\":1,\"name\":\"home\",\"item\":\"https:\\\/\\\/moda-meubles.be\\\/nl\\\/home\\\/\"},{\"@type\":\"ListItem\",\"position\":2,\"name\":\"Winkel\",\"item\":\"https:\\\/\\\/moda-meubles.be\\\/nl\\\/winkel\\\/\"},{\"@type\":\"ListItem\",\"position\":3,\"name\":\"Matrassen Celia &#8211; 160x200cm &#8211; medium\"}]},{\"@type\":\"WebSite\",\"@id\":\"https:\\\/\\\/moda-meubles.be\\\/nl\\\/#website\",\"url\":\"https:\\\/\\\/moda-meubles.be\\\/nl\\\/\",\"name\":\"Moda Meubles\",\"description\":\"\",\"publisher\":{\"@id\":\"https:\\\/\\\/moda-meubles.be\\\/nl\\\/#organization\"},\"potentialAction\":[{\"@type\":\"SearchAction\",\"target\":{\"@type\":\"EntryPoint\",\"urlTemplate\":\"https:\\\/\\\/moda-meubles.be\\\/nl\\\/?s={search_term_string}\"},\"query-input\":{\"@type\":\"PropertyValueSpecification\",\"valueRequired\":true,\"valueName\":\"search_term_string\"}}],\"inLanguage\":\"nl-NL\"},{\"@type\":\"Organization\",\"@id\":\"https:\\\/\\\/moda-meubles.be\\\/nl\\\/#organization\",\"name\":\"Moda Meubles\",\"url\":\"https:\\\/\\\/moda-meubles.be\\\/nl\\\/\",\"logo\":{\"@type\":\"ImageObject\",\"inLanguage\":\"nl-NL\",\"@id\":\"https:\\\/\\\/moda-meubles.be\\\/nl\\\/#\\\/schema\\\/logo\\\/image\\\/\",\"url\":\"https:\\\/\\\/moda-meubles.be\\\/wp-content\\\/uploads\\\/2023\\\/07\\\/Design-sans-titre-42.png\",\"contentUrl\":\"https:\\\/\\\/moda-meubles.be\\\/wp-content\\\/uploads\\\/2023\\\/07\\\/Design-sans-titre-42.png\",\"width\":300,\"height\":150,\"caption\":\"Moda Meubles\"},\"image\":{\"@id\":\"https:\\\/\\\/moda-meubles.be\\\/nl\\\/#\\\/schema\\\/logo\\\/image\\\/\"},\"sameAs\":[\"https:\\\/\\\/www.facebook.com\\\/moda.meubles.liege\"]}]}<\/script>\n<!-- \/ Yoast SEO plugin. -->","yoast_head_json":{"title":"\u2705 [PROMOTIE] Matrassen Celia - 160x200cm - medium TE KOOP bij Moda Meubles in Luik en omgeving","description":"Ontdek onze andere Bedden, Slaapkamers in PROMOTIE bij Moda Meubles in Luik en omstreken.","robots":{"index":"index","follow":"follow","max-snippet":"max-snippet:-1","max-image-preview":"max-image-preview:large","max-video-preview":"max-video-preview:-1"},"canonical":"https:\/\/moda-meubles.be\/nl\/promotion\/slaapkamers\/bedden\/matrassen-celia-160x200cm-medium\/","og_locale":"nl_NL","og_type":"article","og_title":"\u2705 [PROMOTIE] Matrassen Celia - 160x200cm - medium TE KOOP bij Moda Meubles in Luik en omgeving","og_description":"Ontdek onze andere Bedden, Slaapkamers in PROMOTIE bij Moda Meubles in Luik en omstreken.","og_url":"https:\/\/moda-meubles.be\/nl\/promotion\/slaapkamers\/bedden\/matrassen-celia-160x200cm-medium\/","og_site_name":"Moda Meubles","article_publisher":"https:\/\/www.facebook.com\/moda.meubles.liege","og_image":[{"width":1200,"height":848,"url":"https:\/\/moda-meubles.be\/wp-content\/uploads\/2023\/07\/Matras-Celia-MA11-pocketverenhybride-schuim-score-Duvatex-FR.jpeg","type":"image\/jpeg"}],"twitter_card":"summary_large_image","schema":{"@context":"https:\/\/schema.org","@graph":[{"@type":"WebPage","@id":"https:\/\/moda-meubles.be\/nl\/promotion\/slaapkamers\/bedden\/matrassen-celia-160x200cm-medium\/","url":"https:\/\/moda-meubles.be\/nl\/promotion\/slaapkamers\/bedden\/matrassen-celia-160x200cm-medium\/","name":"\u2705 [PROMOTIE] Matrassen Celia - 160x200cm - medium TE KOOP bij Moda Meubles in Luik en omgeving","isPartOf":{"@id":"https:\/\/moda-meubles.be\/nl\/#website"},"primaryImageOfPage":{"@id":"https:\/\/moda-meubles.be\/nl\/promotion\/slaapkamers\/bedden\/matrassen-celia-160x200cm-medium\/#primaryimage"},"image":{"@id":"https:\/\/moda-meubles.be\/nl\/promotion\/slaapkamers\/bedden\/matrassen-celia-160x200cm-medium\/#primaryimage"},"thumbnailUrl":"https:\/\/moda-meubles.be\/wp-content\/uploads\/2023\/07\/Matras-Celia-MA11-pocketverenhybride-schuim-score-Duvatex-FR.jpeg","datePublished":"2023-07-08T15:21:31+00:00","description":"Ontdek onze andere Bedden, Slaapkamers in PROMOTIE bij Moda Meubles in Luik en omstreken.","breadcrumb":{"@id":"https:\/\/moda-meubles.be\/nl\/promotion\/slaapkamers\/bedden\/matrassen-celia-160x200cm-medium\/#breadcrumb"},"inLanguage":"nl-NL","potentialAction":[{"@type":"ReadAction","target":["https:\/\/moda-meubles.be\/nl\/promotion\/slaapkamers\/bedden\/matrassen-celia-160x200cm-medium\/"]}]},{"@type":"ImageObject","inLanguage":"nl-NL","@id":"https:\/\/moda-meubles.be\/nl\/promotion\/slaapkamers\/bedden\/matrassen-celia-160x200cm-medium\/#primaryimage","url":"https:\/\/moda-meubles.be\/wp-content\/uploads\/2023\/07\/Matras-Celia-MA11-pocketverenhybride-schuim-score-Duvatex-FR.jpeg","contentUrl":"https:\/\/moda-meubles.be\/wp-content\/uploads\/2023\/07\/Matras-Celia-MA11-pocketverenhybride-schuim-score-Duvatex-FR.jpeg","width":1200,"height":848,"caption":"Matras Celia MA11 pocketverenhybride schuim score Duvatex FR"},{"@type":"BreadcrumbList","@id":"https:\/\/moda-meubles.be\/nl\/promotion\/slaapkamers\/bedden\/matrassen-celia-160x200cm-medium\/#breadcrumb","itemListElement":[{"@type":"ListItem","position":1,"name":"home","item":"https:\/\/moda-meubles.be\/nl\/home\/"},{"@type":"ListItem","position":2,"name":"Winkel","item":"https:\/\/moda-meubles.be\/nl\/winkel\/"},{"@type":"ListItem","position":3,"name":"Matrassen Celia &#8211; 160x200cm &#8211; medium"}]},{"@type":"WebSite","@id":"https:\/\/moda-meubles.be\/nl\/#website","url":"https:\/\/moda-meubles.be\/nl\/","name":"Moda Meubles","description":"","publisher":{"@id":"https:\/\/moda-meubles.be\/nl\/#organization"},"potentialAction":[{"@type":"SearchAction","target":{"@type":"EntryPoint","urlTemplate":"https:\/\/moda-meubles.be\/nl\/?s={search_term_string}"},"query-input":{"@type":"PropertyValueSpecification","valueRequired":true,"valueName":"search_term_string"}}],"inLanguage":"nl-NL"},{"@type":"Organization","@id":"https:\/\/moda-meubles.be\/nl\/#organization","name":"Moda Meubles","url":"https:\/\/moda-meubles.be\/nl\/","logo":{"@type":"ImageObject","inLanguage":"nl-NL","@id":"https:\/\/moda-meubles.be\/nl\/#\/schema\/logo\/image\/","url":"https:\/\/moda-meubles.be\/wp-content\/uploads\/2023\/07\/Design-sans-titre-42.png","contentUrl":"https:\/\/moda-meubles.be\/wp-content\/uploads\/2023\/07\/Design-sans-titre-42.png","width":300,"height":150,"caption":"Moda Meubles"},"image":{"@id":"https:\/\/moda-meubles.be\/nl\/#\/schema\/logo\/image\/"},"sameAs":["https:\/\/www.facebook.com\/moda.meubles.liege"]}]}},"_links":{"self":[{"href":"https:\/\/moda-meubles.be\/nl\/wp-json\/wp\/v2\/product\/8756","targetHints":{"allow":["GET"]}}],"collection":[{"href":"https:\/\/moda-meubles.be\/nl\/wp-json\/wp\/v2\/product"}],"about":[{"href":"https:\/\/moda-meubles.be\/nl\/wp-json\/wp\/v2\/types\/product"}],"replies":[{"embeddable":true,"href":"https:\/\/moda-meubles.be\/nl\/wp-json\/wp\/v2\/comments?post=8756"}],"wp:featuredmedia":[{"embeddable":true,"href":"https:\/\/moda-meubles.be\/nl\/wp-json\/wp\/v2\/media\/5514"}],"wp:attachment":[{"href":"https:\/\/moda-meubles.be\/nl\/wp-json\/wp\/v2\/media?parent=8756"}],"wp:term":[{"taxonomy":"product_brand","embeddable":true,"href":"https:\/\/moda-meubles.be\/nl\/wp-json\/wp\/v2\/product_brand?post=8756"},{"taxonomy":"product_cat","embeddable":true,"href":"https:\/\/moda-meubles.be\/nl\/wp-json\/wp\/v2\/product_cat?post=8756"},{"taxonomy":"product_tag","embeddable":true,"href":"https:\/\/moda-meubles.be\/nl\/wp-json\/wp\/v2\/product_tag?post=8756"}],"curies":[{"name":"wp","href":"https:\/\/api.w.org\/{rel}","templated":true}]}}