{"id":8736,"date":"2023-07-08T15:21:11","date_gmt":"2023-07-08T15:21:11","guid":{"rendered":"https:\/\/moda-meubles.be\/promotion\/niet-gecategoriseerd\/boxpring-hamilton\/"},"modified":"2023-07-08T15:21:11","modified_gmt":"2023-07-08T15:21:11","slug":"boxpring-hamilton","status":"publish","type":"product","link":"https:\/\/moda-meubles.be\/nl\/promotion\/slaapkamers\/boxspringbedden\/boxpring-hamilton\/","title":{"rendered":"Boxpring Hamilton"},"content":{"rendered":"<h3><strong>Boxpring Hamilton \u2013 Elegantie en functionaliteit voor optimaal comfort<\/strong><\/h3>\n<p>Ontdek de Hamilton boxspring, een chique en functioneel meubelstuk dat stijl en functionaliteit combineert. Dankzij het geavanceerde ontwerp en de innovatieve functies is dit model ontworpen om de ruimte in uw slaapkamer optimaal te benutten en tegelijkertijd uitzonderlijk slaapcomfort te bieden. <\/p>\n<p><strong>Design \u00c9l\u00e9gant et Fonctionnalit\u00e9 :<\/strong> De Hamilton boxspring valt op door het elegante hoofdbord, verdeeld in zes grote blokken van luxueuze stof, die een vleugje verfijning aan uw ruimte toevoegen. Dit model beschikt over twee ingebouwde opbergruimtes, ideaal voor het organiseren van uw persoonlijke spullen en het optimaal benutten van de ruimte in uw kamer. <\/p>\n<p><strong>Superieur comfort en persoonlijke opties :<\/strong> Naast het verfijnde uiterlijk biedt de Hamilton een onge\u00ebvenaard slaapcomfort. Verkrijgbaar in verschillende maten, zodat er altijd een is die perfect bij uw behoeften past. Om uw set compleet te maken, kunt u ook bijpassende nachtkastjes en een opbergkist bestellen. Zo heeft u een complete en praktische oplossing voor uw slaapkamer.  <\/p>\n<p><strong>Kenmerken :<\/strong><\/p>\n<ul>\n<li><strong>Ontwerp :<\/strong> Luxe 6-bloks stoffen hoofdbord met ingebouwde opbergruimte<\/li>\n<li><strong>Confort :<\/strong> Uitzonderlijk slaapcomfort<\/li>\n<li><strong>Opties :<\/strong> Verkrijgbaar in verschillende maten, nachtkastjes en optionele opbergkist<\/li>\n<li><strong>Functionaliteit :<\/strong> Ruimte optimaliseren met praktische opbergoplossingen<\/li>\n<\/ul>\n<p><em>De Hamilton boxspring is de ideale keuze voor wie op zoek is naar een stijlvol, praktisch en comfortabel bed dat zowel stijl als functionaliteit in de slaapkamer brengt.<\/em><\/p>\n","protected":false},"excerpt":{"rendered":"<p>Boxpring Hamilton \u2013 Elegantie en functionaliteit voor optimaal comfort Ontdek de Hamilton boxspring, een chique en functioneel meubelstuk dat stijl en functionaliteit combineert. Dankzij het geavanceerde ontwerp en de innovatieve functies is dit model ontworpen om de ruimte in uw slaapkamer optimaal te benutten en tegelijkertijd uitzonderlijk slaapcomfort te bieden. Design \u00c9l\u00e9gant et Fonctionnalit\u00e9 : [&hellip;]<\/p>\n","protected":false},"featured_media":5469,"comment_status":"open","ping_status":"closed","template":"","meta":{"content-type":""},"product_brand":[],"product_cat":[71,67],"product_tag":[],"class_list":{"0":"post-8736","1":"product","2":"type-product","3":"status-publish","4":"has-post-thumbnail","6":"product_cat-boxspringbedden","7":"product_cat-slaapkamers","9":"first","10":"instock","11":"sale","12":"shipping-taxable","13":"purchasable","14":"product-type-simple"},"yoast_head":"<!-- This site is optimized with the Yoast SEO plugin v27.3 - https:\/\/yoast.com\/product\/yoast-seo-wordpress\/ -->\n<title>\u2705 [PROMOTIE] Boxpring Hamilton TE KOOP bij Moda Meubles in Luik en omgeving<\/title>\n<meta name=\"description\" content=\"Ontdek onze andere Boxspringbedden, Slaapkamers in PROMOTIE bij Moda Meubles in Luik en omstreken.\" \/>\n<meta name=\"robots\" content=\"index, follow, max-snippet:-1, max-image-preview:large, max-video-preview:-1\" \/>\n<link rel=\"canonical\" href=\"https:\/\/moda-meubles.be\/nl\/promotion\/slaapkamers\/boxspringbedden\/boxpring-hamilton\/\" \/>\n<meta property=\"og:locale\" content=\"nl_NL\" \/>\n<meta property=\"og:type\" content=\"article\" \/>\n<meta property=\"og:title\" content=\"\u2705 [PROMOTIE] Boxpring Hamilton TE KOOP bij Moda Meubles in Luik en omgeving\" \/>\n<meta property=\"og:description\" content=\"Ontdek onze andere Boxspringbedden, Slaapkamers in PROMOTIE bij Moda Meubles in Luik en omstreken.\" \/>\n<meta property=\"og:url\" content=\"https:\/\/moda-meubles.be\/nl\/promotion\/slaapkamers\/boxspringbedden\/boxpring-hamilton\/\" \/>\n<meta property=\"og:site_name\" content=\"Moda Meubles\" \/>\n<meta property=\"article:publisher\" content=\"https:\/\/www.facebook.com\/moda.meubles.liege\" \/>\n<meta property=\"og:image\" content=\"https:\/\/moda-meubles.be\/wp-content\/uploads\/2023\/07\/hamilton2_0723ec8a-f379-484d-bb1c-a86f7a8b9ec1_1800x1800.webp\" \/>\n\t<meta property=\"og:image:width\" content=\"1000\" \/>\n\t<meta property=\"og:image:height\" content=\"730\" \/>\n\t<meta property=\"og:image:type\" content=\"image\/webp\" \/>\n<meta name=\"twitter:card\" content=\"summary_large_image\" \/>\n<script type=\"application\/ld+json\" class=\"yoast-schema-graph\">{\"@context\":\"https:\\\/\\\/schema.org\",\"@graph\":[{\"@type\":\"WebPage\",\"@id\":\"https:\\\/\\\/moda-meubles.be\\\/nl\\\/promotion\\\/slaapkamers\\\/boxspringbedden\\\/boxpring-hamilton\\\/\",\"url\":\"https:\\\/\\\/moda-meubles.be\\\/nl\\\/promotion\\\/slaapkamers\\\/boxspringbedden\\\/boxpring-hamilton\\\/\",\"name\":\"\u2705 [PROMOTIE] Boxpring Hamilton TE KOOP bij Moda Meubles in Luik en omgeving\",\"isPartOf\":{\"@id\":\"https:\\\/\\\/moda-meubles.be\\\/nl\\\/#website\"},\"primaryImageOfPage\":{\"@id\":\"https:\\\/\\\/moda-meubles.be\\\/nl\\\/promotion\\\/slaapkamers\\\/boxspringbedden\\\/boxpring-hamilton\\\/#primaryimage\"},\"image\":{\"@id\":\"https:\\\/\\\/moda-meubles.be\\\/nl\\\/promotion\\\/slaapkamers\\\/boxspringbedden\\\/boxpring-hamilton\\\/#primaryimage\"},\"thumbnailUrl\":\"https:\\\/\\\/moda-meubles.be\\\/wp-content\\\/uploads\\\/2023\\\/07\\\/hamilton2_0723ec8a-f379-484d-bb1c-a86f7a8b9ec1_1800x1800.webp\",\"datePublished\":\"2023-07-08T15:21:11+00:00\",\"description\":\"Ontdek onze andere Boxspringbedden, Slaapkamers in PROMOTIE bij Moda Meubles in Luik en omstreken.\",\"breadcrumb\":{\"@id\":\"https:\\\/\\\/moda-meubles.be\\\/nl\\\/promotion\\\/slaapkamers\\\/boxspringbedden\\\/boxpring-hamilton\\\/#breadcrumb\"},\"inLanguage\":\"nl-NL\",\"potentialAction\":[{\"@type\":\"ReadAction\",\"target\":[\"https:\\\/\\\/moda-meubles.be\\\/nl\\\/promotion\\\/slaapkamers\\\/boxspringbedden\\\/boxpring-hamilton\\\/\"]}]},{\"@type\":\"ImageObject\",\"inLanguage\":\"nl-NL\",\"@id\":\"https:\\\/\\\/moda-meubles.be\\\/nl\\\/promotion\\\/slaapkamers\\\/boxspringbedden\\\/boxpring-hamilton\\\/#primaryimage\",\"url\":\"https:\\\/\\\/moda-meubles.be\\\/wp-content\\\/uploads\\\/2023\\\/07\\\/hamilton2_0723ec8a-f379-484d-bb1c-a86f7a8b9ec1_1800x1800.webp\",\"contentUrl\":\"https:\\\/\\\/moda-meubles.be\\\/wp-content\\\/uploads\\\/2023\\\/07\\\/hamilton2_0723ec8a-f379-484d-bb1c-a86f7a8b9ec1_1800x1800.webp\",\"width\":1000,\"height\":730,\"caption\":\"hamilton2 0723ec8a f379 484d bb1c a86f7a8b9ec1 1800x1800\"},{\"@type\":\"BreadcrumbList\",\"@id\":\"https:\\\/\\\/moda-meubles.be\\\/nl\\\/promotion\\\/slaapkamers\\\/boxspringbedden\\\/boxpring-hamilton\\\/#breadcrumb\",\"itemListElement\":[{\"@type\":\"ListItem\",\"position\":1,\"name\":\"home\",\"item\":\"https:\\\/\\\/moda-meubles.be\\\/nl\\\/home\\\/\"},{\"@type\":\"ListItem\",\"position\":2,\"name\":\"Winkel\",\"item\":\"https:\\\/\\\/moda-meubles.be\\\/nl\\\/winkel\\\/\"},{\"@type\":\"ListItem\",\"position\":3,\"name\":\"Boxpring Hamilton\"}]},{\"@type\":\"WebSite\",\"@id\":\"https:\\\/\\\/moda-meubles.be\\\/nl\\\/#website\",\"url\":\"https:\\\/\\\/moda-meubles.be\\\/nl\\\/\",\"name\":\"Moda Meubles\",\"description\":\"\",\"publisher\":{\"@id\":\"https:\\\/\\\/moda-meubles.be\\\/nl\\\/#organization\"},\"potentialAction\":[{\"@type\":\"SearchAction\",\"target\":{\"@type\":\"EntryPoint\",\"urlTemplate\":\"https:\\\/\\\/moda-meubles.be\\\/nl\\\/?s={search_term_string}\"},\"query-input\":{\"@type\":\"PropertyValueSpecification\",\"valueRequired\":true,\"valueName\":\"search_term_string\"}}],\"inLanguage\":\"nl-NL\"},{\"@type\":\"Organization\",\"@id\":\"https:\\\/\\\/moda-meubles.be\\\/nl\\\/#organization\",\"name\":\"Moda Meubles\",\"url\":\"https:\\\/\\\/moda-meubles.be\\\/nl\\\/\",\"logo\":{\"@type\":\"ImageObject\",\"inLanguage\":\"nl-NL\",\"@id\":\"https:\\\/\\\/moda-meubles.be\\\/nl\\\/#\\\/schema\\\/logo\\\/image\\\/\",\"url\":\"https:\\\/\\\/moda-meubles.be\\\/wp-content\\\/uploads\\\/2023\\\/07\\\/Design-sans-titre-42.png\",\"contentUrl\":\"https:\\\/\\\/moda-meubles.be\\\/wp-content\\\/uploads\\\/2023\\\/07\\\/Design-sans-titre-42.png\",\"width\":300,\"height\":150,\"caption\":\"Moda Meubles\"},\"image\":{\"@id\":\"https:\\\/\\\/moda-meubles.be\\\/nl\\\/#\\\/schema\\\/logo\\\/image\\\/\"},\"sameAs\":[\"https:\\\/\\\/www.facebook.com\\\/moda.meubles.liege\"]}]}<\/script>\n<!-- \/ Yoast SEO plugin. -->","yoast_head_json":{"title":"\u2705 [PROMOTIE] Boxpring Hamilton TE KOOP bij Moda Meubles in Luik en omgeving","description":"Ontdek onze andere Boxspringbedden, Slaapkamers in PROMOTIE bij Moda Meubles in Luik en omstreken.","robots":{"index":"index","follow":"follow","max-snippet":"max-snippet:-1","max-image-preview":"max-image-preview:large","max-video-preview":"max-video-preview:-1"},"canonical":"https:\/\/moda-meubles.be\/nl\/promotion\/slaapkamers\/boxspringbedden\/boxpring-hamilton\/","og_locale":"nl_NL","og_type":"article","og_title":"\u2705 [PROMOTIE] Boxpring Hamilton TE KOOP bij Moda Meubles in Luik en omgeving","og_description":"Ontdek onze andere Boxspringbedden, Slaapkamers in PROMOTIE bij Moda Meubles in Luik en omstreken.","og_url":"https:\/\/moda-meubles.be\/nl\/promotion\/slaapkamers\/boxspringbedden\/boxpring-hamilton\/","og_site_name":"Moda Meubles","article_publisher":"https:\/\/www.facebook.com\/moda.meubles.liege","og_image":[{"width":1000,"height":730,"url":"https:\/\/moda-meubles.be\/wp-content\/uploads\/2023\/07\/hamilton2_0723ec8a-f379-484d-bb1c-a86f7a8b9ec1_1800x1800.webp","type":"image\/webp"}],"twitter_card":"summary_large_image","schema":{"@context":"https:\/\/schema.org","@graph":[{"@type":"WebPage","@id":"https:\/\/moda-meubles.be\/nl\/promotion\/slaapkamers\/boxspringbedden\/boxpring-hamilton\/","url":"https:\/\/moda-meubles.be\/nl\/promotion\/slaapkamers\/boxspringbedden\/boxpring-hamilton\/","name":"\u2705 [PROMOTIE] Boxpring Hamilton TE KOOP bij Moda Meubles in Luik en omgeving","isPartOf":{"@id":"https:\/\/moda-meubles.be\/nl\/#website"},"primaryImageOfPage":{"@id":"https:\/\/moda-meubles.be\/nl\/promotion\/slaapkamers\/boxspringbedden\/boxpring-hamilton\/#primaryimage"},"image":{"@id":"https:\/\/moda-meubles.be\/nl\/promotion\/slaapkamers\/boxspringbedden\/boxpring-hamilton\/#primaryimage"},"thumbnailUrl":"https:\/\/moda-meubles.be\/wp-content\/uploads\/2023\/07\/hamilton2_0723ec8a-f379-484d-bb1c-a86f7a8b9ec1_1800x1800.webp","datePublished":"2023-07-08T15:21:11+00:00","description":"Ontdek onze andere Boxspringbedden, Slaapkamers in PROMOTIE bij Moda Meubles in Luik en omstreken.","breadcrumb":{"@id":"https:\/\/moda-meubles.be\/nl\/promotion\/slaapkamers\/boxspringbedden\/boxpring-hamilton\/#breadcrumb"},"inLanguage":"nl-NL","potentialAction":[{"@type":"ReadAction","target":["https:\/\/moda-meubles.be\/nl\/promotion\/slaapkamers\/boxspringbedden\/boxpring-hamilton\/"]}]},{"@type":"ImageObject","inLanguage":"nl-NL","@id":"https:\/\/moda-meubles.be\/nl\/promotion\/slaapkamers\/boxspringbedden\/boxpring-hamilton\/#primaryimage","url":"https:\/\/moda-meubles.be\/wp-content\/uploads\/2023\/07\/hamilton2_0723ec8a-f379-484d-bb1c-a86f7a8b9ec1_1800x1800.webp","contentUrl":"https:\/\/moda-meubles.be\/wp-content\/uploads\/2023\/07\/hamilton2_0723ec8a-f379-484d-bb1c-a86f7a8b9ec1_1800x1800.webp","width":1000,"height":730,"caption":"hamilton2 0723ec8a f379 484d bb1c a86f7a8b9ec1 1800x1800"},{"@type":"BreadcrumbList","@id":"https:\/\/moda-meubles.be\/nl\/promotion\/slaapkamers\/boxspringbedden\/boxpring-hamilton\/#breadcrumb","itemListElement":[{"@type":"ListItem","position":1,"name":"home","item":"https:\/\/moda-meubles.be\/nl\/home\/"},{"@type":"ListItem","position":2,"name":"Winkel","item":"https:\/\/moda-meubles.be\/nl\/winkel\/"},{"@type":"ListItem","position":3,"name":"Boxpring Hamilton"}]},{"@type":"WebSite","@id":"https:\/\/moda-meubles.be\/nl\/#website","url":"https:\/\/moda-meubles.be\/nl\/","name":"Moda Meubles","description":"","publisher":{"@id":"https:\/\/moda-meubles.be\/nl\/#organization"},"potentialAction":[{"@type":"SearchAction","target":{"@type":"EntryPoint","urlTemplate":"https:\/\/moda-meubles.be\/nl\/?s={search_term_string}"},"query-input":{"@type":"PropertyValueSpecification","valueRequired":true,"valueName":"search_term_string"}}],"inLanguage":"nl-NL"},{"@type":"Organization","@id":"https:\/\/moda-meubles.be\/nl\/#organization","name":"Moda Meubles","url":"https:\/\/moda-meubles.be\/nl\/","logo":{"@type":"ImageObject","inLanguage":"nl-NL","@id":"https:\/\/moda-meubles.be\/nl\/#\/schema\/logo\/image\/","url":"https:\/\/moda-meubles.be\/wp-content\/uploads\/2023\/07\/Design-sans-titre-42.png","contentUrl":"https:\/\/moda-meubles.be\/wp-content\/uploads\/2023\/07\/Design-sans-titre-42.png","width":300,"height":150,"caption":"Moda Meubles"},"image":{"@id":"https:\/\/moda-meubles.be\/nl\/#\/schema\/logo\/image\/"},"sameAs":["https:\/\/www.facebook.com\/moda.meubles.liege"]}]}},"_links":{"self":[{"href":"https:\/\/moda-meubles.be\/nl\/wp-json\/wp\/v2\/product\/8736","targetHints":{"allow":["GET"]}}],"collection":[{"href":"https:\/\/moda-meubles.be\/nl\/wp-json\/wp\/v2\/product"}],"about":[{"href":"https:\/\/moda-meubles.be\/nl\/wp-json\/wp\/v2\/types\/product"}],"replies":[{"embeddable":true,"href":"https:\/\/moda-meubles.be\/nl\/wp-json\/wp\/v2\/comments?post=8736"}],"wp:featuredmedia":[{"embeddable":true,"href":"https:\/\/moda-meubles.be\/nl\/wp-json\/wp\/v2\/media\/5469"}],"wp:attachment":[{"href":"https:\/\/moda-meubles.be\/nl\/wp-json\/wp\/v2\/media?parent=8736"}],"wp:term":[{"taxonomy":"product_brand","embeddable":true,"href":"https:\/\/moda-meubles.be\/nl\/wp-json\/wp\/v2\/product_brand?post=8736"},{"taxonomy":"product_cat","embeddable":true,"href":"https:\/\/moda-meubles.be\/nl\/wp-json\/wp\/v2\/product_cat?post=8736"},{"taxonomy":"product_tag","embeddable":true,"href":"https:\/\/moda-meubles.be\/nl\/wp-json\/wp\/v2\/product_tag?post=8736"}],"curies":[{"name":"wp","href":"https:\/\/api.w.org\/{rel}","templated":true}]}}